{"id":3355,"date":"2023-01-25T13:57:25","date_gmt":"2023-01-25T13:57:25","guid":{"rendered":"https:\/\/commant.com\/?page_id=3355"},"modified":"2023-01-26T08:52:13","modified_gmt":"2023-01-26T08:52:13","slug":"toepassingen","status":"publish","type":"page","link":"https:\/\/commant.com\/nl\/toepassingen\/","title":{"rendered":"Toepassingen"},"content":{"rendered":"<p><div class=\"fusion-fullwidth fullwidth-box fusion-builder-row-1 fusion-flex-container has-pattern-background has-mask-background fusion-parallax-none nonhundred-percent-fullwidth non-hundred-percent-height-scrolling\" style=\"--awb-border-radius-top-left:0px;--awb-border-radius-top-right:0px;--awb-border-radius-bottom-right:0px;--awb-border-radius-bottom-left:0px;--awb-min-height:500px;--awb-background-image:url(&quot;https:\/\/commant.com\/wp-content\/uploads\/multifunctioneel-managementsysteem.webp&quot;);--awb-background-size:cover;--awb-flex-wrap:wrap;\" ><div class=\"fusion-builder-row fusion-row fusion-flex-align-items-flex-start fusion-flex-align-content-flex-end fusion-flex-content-wrap\" style=\"max-width:1248px;margin-left: calc(-4% \/ 2 );margin-right: calc(-4% \/ 2 );\"><div class=\"fusion-layout-column fusion_builder_column fusion-builder-column-0 fusion_builder_column_1_2 1_2 fusion-flex-column\" style=\"--awb-padding-bottom:40px;--awb-bg-position:center top;--awb-bg-size:cover;--awb-width-large:50%;--awb-margin-top-large:0px;--awb-spacing-right-large:3.84%;--awb-margin-bottom-large:20px;--awb-spacing-left-large:3.84%;--awb-width-medium:50%;--awb-order-medium:0;--awb-spacing-right-medium:3.84%;--awb-spacing-left-medium:3.84%;--awb-width-small:100%;--awb-order-small:0;--awb-spacing-right-small:1.92%;--awb-spacing-left-small:1.92%;\"><div class=\"fusion-column-wrapper fusion-column-has-shadow fusion-flex-justify-content-flex-end fusion-content-layout-row fusion-flex-align-items-center\"><\/div><\/div><div class=\"fusion-layout-column fusion_builder_column fusion-builder-column-1 fusion_builder_column_1_2 1_2 fusion-flex-column\" style=\"--awb-padding-bottom:40px;--awb-bg-position:center top;--awb-bg-size:cover;--awb-width-large:50%;--awb-margin-top-large:0px;--awb-spacing-right-large:3.84%;--awb-margin-bottom-large:20px;--awb-spacing-left-large:3.84%;--awb-width-medium:50%;--awb-order-medium:0;--awb-spacing-right-medium:3.84%;--awb-spacing-left-medium:3.84%;--awb-width-small:100%;--awb-order-small:0;--awb-spacing-right-small:1.92%;--awb-spacing-left-small:1.92%;\"><div class=\"fusion-column-wrapper fusion-column-has-shadow fusion-flex-justify-content-flex-end fusion-content-layout-row fusion-flex-align-items-center\"><div class=\"fusion-title title fusion-title-1 fusion-sep-none fusion-title-text fusion-title-size-one\" style=\"--awb-text-color:#204286;--awb-margin-top-small:10px;--awb-margin-right-small:0px;--awb-margin-bottom-small:10px;--awb-margin-left-small:0px;\"><h1 class=\"fusion-title-heading title-heading-right fusion-responsive-typography-calculated\" style=\"margin:0;--fontSize:54;line-height:1.5;\">Tal van toepassingen<\/h1><\/div><\/div><\/div><\/div><\/div><div class=\"fusion-fullwidth fullwidth-box fusion-builder-row-2 fusion-flex-container has-pattern-background has-mask-background nonhundred-percent-fullwidth non-hundred-percent-height-scrolling\" style=\"--awb-border-radius-top-left:0px;--awb-border-radius-top-right:0px;--awb-border-radius-bottom-right:0px;--awb-border-radius-bottom-left:0px;--awb-margin-top:40px;--awb-flex-wrap:wrap;\" ><div class=\"fusion-builder-row fusion-row fusion-flex-align-items-flex-start fusion-flex-content-wrap\" style=\"max-width:1248px;margin-left: calc(-4% \/ 2 );margin-right: calc(-4% \/ 2 );\"><div class=\"fusion-layout-column fusion_builder_column fusion-builder-column-2 fusion_builder_column_1_1 1_1 fusion-flex-column\" style=\"--awb-bg-size:cover;--awb-width-large:100%;--awb-margin-top-large:0px;--awb-spacing-right-large:1.92%;--awb-margin-bottom-large:20px;--awb-spacing-left-large:1.92%;--awb-width-medium:100%;--awb-order-medium:0;--awb-spacing-right-medium:1.92%;--awb-spacing-left-medium:1.92%;--awb-width-small:100%;--awb-order-small:0;--awb-spacing-right-small:1.92%;--awb-spacing-left-small:1.92%;\"><div class=\"fusion-column-wrapper fusion-column-has-shadow fusion-flex-justify-content-flex-start fusion-content-layout-column\"><div class=\"fusion-title title fusion-title-2 fusion-sep-none fusion-title-rotating fusion-animate-once fusion-title-clipIn fusion-title-size-two\" style=\"--awb-text-color:var(--awb-color6);--awb-margin-top-small:10px;--awb-margin-right-small:0px;--awb-margin-bottom-small:10px;--awb-margin-left-small:0px;\"><h2 class=\"fusion-title-heading title-heading-left fusion-responsive-typography-calculated\" style=\"margin:0;--fontSize:40;line-height:1.2;\"><span class=\"fusion-animated-text-prefix\">\u00c9\u00e9n managementsysteem<\/span> <span class=\"fusion-animated-texts-wrapper\" style=\"color:var(--awb-custom13);\" data-length=\"line\" data-minDisplayTime=\"1200\"><span class=\"fusion-animated-texts\"><span data-in-effect=\"clipIn\" class=\"fusion-animated-text\" data-in-sequence=\"true\" data-out-reverse=\"true\" data-out-effect=\"clipOut\">talloze toepassingen<\/span><\/span><\/span> <span class=\"fusion-animated-text-postfix\"><\/span><\/h2><\/div><\/div><\/div><div class=\"fusion-layout-column fusion_builder_column fusion-builder-column-3 fusion_builder_column_2_3 2_3 fusion-flex-column\" style=\"--awb-bg-size:cover;--awb-width-large:66.666666666667%;--awb-margin-top-large:0px;--awb-spacing-right-large:2.88%;--awb-margin-bottom-large:20px;--awb-spacing-left-large:2.88%;--awb-width-medium:66.666666666667%;--awb-order-medium:0;--awb-spacing-right-medium:2.88%;--awb-spacing-left-medium:2.88%;--awb-width-small:100%;--awb-order-small:0;--awb-spacing-right-small:1.92%;--awb-spacing-left-small:1.92%;\"><div class=\"fusion-column-wrapper fusion-column-has-shadow fusion-flex-justify-content-flex-start fusion-content-layout-column\"><div class=\"fusion-text fusion-text-1\"><p>De Comm&#8217;ant managementtools zijn voor tal van toepassingen in te zetten. In \u00e9\u00e9n ge\u00efntegreerde omgeving breng je alles samen, met het proces als de kapstok. Voor iedereen is de juiste informatie direct beschikbaar en inzichtelijk welke beheersmaatregelen eventueel van toepassing zijn.<\/p>\n<p>Omdat het Comm\u2019ant procesmodel modulair is opgebouwd ben je in staat om er tal van organisatiemanagement vraagstukken in onder te brengen.<\/p>\n<p>Het legt niet alleen het fundament voor jouw procesgerichte sturing maar is ook uitstekend geschikt voor talloze toepassingen rondom een en hetzelfde proces. Zo past het bijvoorbeeld ook perfect in de High Level Structure (HLS) van de huidige ISO-normen en de Harmonized Structure (HS) voor de nieuwe toekomstige ISO-normen.<\/p>\n<p>Je hoeft uiteraard niet aan alle toepassingen invulling te geven: begin bij het begin en breid later naar believen uit.<\/p>\n<p>Voor elke toepassing hebben wij <strong>best practices<\/strong>, <strong>voorbeeldprocessen<\/strong> en <strong>-formulieren<\/strong> voor registratie en rapportage.<\/p>\n<\/div><\/div><\/div><div class=\"fusion-layout-column fusion_builder_column fusion-builder-column-4 fusion_builder_column_1_3 1_3 fusion-flex-column\" style=\"--awb-bg-size:cover;--awb-width-large:33.333333333333%;--awb-margin-top-large:0px;--awb-spacing-right-large:5.76%;--awb-margin-bottom-large:20px;--awb-spacing-left-large:5.76%;--awb-width-medium:33.333333333333%;--awb-order-medium:0;--awb-spacing-right-medium:5.76%;--awb-spacing-left-medium:5.76%;--awb-width-small:100%;--awb-order-small:0;--awb-spacing-right-small:1.92%;--awb-spacing-left-small:1.92%;\"><div class=\"fusion-column-wrapper fusion-column-has-shadow fusion-flex-justify-content-flex-start fusion-content-layout-column\"><ul style=\"--awb-textcolor:var(--awb-color6);--awb-line-height:27.2px;--awb-icon-width:27.2px;--awb-icon-height:27.2px;--awb-icon-margin:11.2px;--awb-content-margin:38.4px;--awb-circlecolor:#67b7e1;--awb-circle-yes-font-size:14.08px;\" class=\"fusion-checklist fusion-checklist-1 fusion-checklist-default type-icons\"><li class=\"fusion-li-item\" style=\"\"><span class=\"icon-wrapper circle-yes\"><i class=\"fusion-li-icon fa-angle-double-right fas\" aria-hidden=\"true\"><\/i><\/span><div class=\"fusion-li-item-content\">\n<p><a href=\"\/nl\/toepassingen\/procesmanagement\">Procesmanagement<\/a><\/p>\n<\/div><\/li><li class=\"fusion-li-item\" style=\"\"><span class=\"icon-wrapper circle-yes\"><i class=\"fusion-li-icon fa-angle-double-right fas\" aria-hidden=\"true\"><\/i><\/span><div class=\"fusion-li-item-content\">\n<p><a href=\"https:\/\/commant.com\/nl\/toepassingen\/kwaliteitsmanagement\/\">Kwaliteitsmanagement<\/a><\/p>\n<\/div><\/li><li class=\"fusion-li-item\" style=\"\"><span class=\"icon-wrapper circle-yes\"><i class=\"fusion-li-icon fa-angle-double-right fas\" aria-hidden=\"true\"><\/i><\/span><div class=\"fusion-li-item-content\">\n<p><a href=\"https:\/\/commant.com\/nl\/toepassingen\/risicomanagement\/\">Risicomanagement<\/a><\/p>\n<\/div><\/li><li class=\"fusion-li-item\" style=\"\"><span class=\"icon-wrapper circle-yes\"><i class=\"fusion-li-icon fa-angle-double-right fas\" aria-hidden=\"true\"><\/i><\/span><div class=\"fusion-li-item-content\">\n<p><a href=\"https:\/\/commant.com\/nl\/toepassingen\/compliance-management\/\">Compliance management<\/a><\/p>\n<\/div><\/li><li class=\"fusion-li-item\" style=\"\"><span class=\"icon-wrapper circle-yes\"><i class=\"fusion-li-icon fa-angle-double-right fas\" aria-hidden=\"true\"><\/i><\/span><div class=\"fusion-li-item-content\">\n<p><a href=\"https:\/\/commant.com\/nl\/toepassingen\/ketenmanagement\/\">Ketenmanagement<\/a><\/p>\n<\/div><\/li><li class=\"fusion-li-item\" style=\"\"><span class=\"icon-wrapper circle-yes\"><i class=\"fusion-li-icon fa-angle-double-right fas\" aria-hidden=\"true\"><\/i><\/span><div class=\"fusion-li-item-content\">\n<p><a href=\"https:\/\/commant.com\/nl\/toepassingen\/certificeren\/\">Certificeren<\/a><\/p>\n<\/div><\/li><li class=\"fusion-li-item\" style=\"\"><span class=\"icon-wrapper circle-yes\"><i class=\"fusion-li-icon fa-angle-double-right fas\" aria-hidden=\"true\"><\/i><\/span><div class=\"fusion-li-item-content\">\n<p><a href=\"https:\/\/commant.com\/nl\/multi-site-certificering\/\">Multi-site certificeren<\/a><\/p>\n<\/div><\/li><\/ul><\/div><\/div><\/div><\/div><div class=\"fusion-fullwidth fullwidth-box fusion-builder-row-3 fusion-flex-container nonhundred-percent-fullwidth non-hundred-percent-height-scrolling\" style=\"--awb-border-radius-top-left:0px;--awb-border-radius-top-right:0px;--awb-border-radius-bottom-right:0px;--awb-border-radius-bottom-left:0px;--awb-padding-top:60px;--awb-padding-bottom:60px;--awb-margin-top:40px;--awb-margin-bottom:0px;--awb-background-color:#e6772e;--awb-flex-wrap:wrap;\" ><div class=\"fusion-builder-row fusion-row fusion-flex-align-items-center fusion-flex-justify-content-center fusion-flex-content-wrap\" style=\"max-width:1248px;margin-left: calc(-4% \/ 2 );margin-right: calc(-4% \/ 2 );\"><div class=\"fusion-layout-column fusion_builder_column fusion-builder-column-5 fusion-flex-column fusion-animated\" style=\"--awb-bg-size:cover;--awb-width-large:15%;--awb-margin-top-large:0px;--awb-spacing-right-large:12.8%;--awb-margin-bottom-large:0px;--awb-spacing-left-large:12.8%;--awb-width-medium:100%;--awb-order-medium:0;--awb-spacing-right-medium:1.92%;--awb-spacing-left-medium:1.92%;--awb-width-small:100%;--awb-order-small:0;--awb-spacing-right-small:1.92%;--awb-spacing-left-small:1.92%;\" data-animationType=\"fadeInUp\" data-animationDuration=\"1.0\" data-animationOffset=\"top-into-view\"><div class=\"fusion-column-wrapper fusion-column-has-shadow fusion-flex-justify-content-flex-start fusion-content-layout-column\"><div class=\"fusion-image-element md-text-align-center sm-text-align-center\" style=\"--awb-max-width:140px;--awb-caption-title-font-family:var(--h2_typography-font-family);--awb-caption-title-font-weight:var(--h2_typography-font-weight);--awb-caption-title-font-style:var(--h2_typography-font-style);--awb-caption-title-size:var(--h2_typography-font-size);--awb-caption-title-transform:var(--h2_typography-text-transform);--awb-caption-title-line-height:var(--h2_typography-line-height);--awb-caption-title-letter-spacing:var(--h2_typography-letter-spacing);\"><span class=\" fusion-imageframe imageframe-none imageframe-1 hover-type-none\"><img loading=\"lazy\" decoding=\"async\" width=\"125\" height=\"149\" title=\"X\" src=\"https:\/\/commant.com\/wp-content\/uploads\/\/2022\/01\/X.svg\" alt class=\"img-responsive wp-image-1354\"\/><\/span><\/div><\/div><\/div><div class=\"fusion-layout-column fusion_builder_column fusion-builder-column-6 fusion_builder_column_3_5 3_5 fusion-flex-column fusion-animated\" style=\"--awb-padding-right:134px;--awb-padding-top-medium:39px;--awb-padding-right-medium:0px;--awb-padding-bottom-medium:27px;--awb-bg-size:cover;--awb-width-large:60%;--awb-margin-top-large:0px;--awb-spacing-right-large:3.2%;--awb-margin-bottom-large:0px;--awb-spacing-left-large:3.68%;--awb-width-medium:80%;--awb-order-medium:0;--awb-spacing-right-medium:2.4%;--awb-spacing-left-medium:2.76%;--awb-width-small:100%;--awb-order-small:0;--awb-spacing-right-small:1.92%;--awb-spacing-left-small:1.92%;\" data-animationType=\"fadeInUp\" data-animationDuration=\"1.0\" data-animationOffset=\"top-into-view\"><div class=\"fusion-column-wrapper fusion-column-has-shadow fusion-flex-justify-content-flex-start fusion-content-layout-column\"><div class=\"fusion-title title fusion-title-3 fusion-sep-none fusion-title-text fusion-title-size-two\" style=\"--awb-text-color:#ffffff;--awb-margin-top-small:10px;--awb-margin-right-small:0px;--awb-margin-bottom-small:10px;--awb-margin-left-small:0px;--awb-font-size:40px;\"><h2 class=\"fusion-title-heading title-heading-left md-text-align-center sm-text-align-center fusion-responsive-typography-calculated\" style=\"margin:0;font-size:1em;--fontSize:40;line-height:1.2;\">Ervaren hoe een integraal managementsysteem van Comm&#8217;ant er uit ziet?<\/h2><\/div><div class=\"fusion-text fusion-text-2 md-text-align-center sm-text-align-center\" style=\"--awb-text-transform:none;--awb-text-color:#ffffff;--awb-text-font-family:source-sans-pro, sans-serif;--awb-text-font-style:normal;--awb-text-font-weight:400;\"><p>Maak een afspraak voor een online demo. We laten je het graag zien!<\/p>\n<\/div><\/div><\/div><div class=\"fusion-layout-column fusion_builder_column fusion-builder-column-7 fusion-flex-column fusion-animated\" style=\"--awb-bg-size:cover;--awb-width-large:25%;--awb-margin-top-large:0px;--awb-spacing-right-large:7.68%;--awb-margin-bottom-large:0px;--awb-spacing-left-large:7.68%;--awb-width-medium:100%;--awb-order-medium:0;--awb-spacing-right-medium:1.92%;--awb-spacing-left-medium:1.92%;--awb-width-small:100%;--awb-order-small:0;--awb-spacing-right-small:1.92%;--awb-spacing-left-small:1.92%;\" data-animationType=\"fadeInUp\" data-animationDuration=\"1.0\" data-animationOffset=\"top-into-view\"><div class=\"fusion-column-wrapper fusion-column-has-shadow fusion-flex-justify-content-flex-start fusion-content-layout-column\"><div class=\"md-text-align-center sm-text-align-center\"><a class=\"fusion-button button-flat fusion-button-default-size button-custom fusion-button-default button-1 fusion-button-default-span fusion-button-default-type\" style=\"--button_accent_color:var(--awb-color6);--button_accent_hover_color:var(--awb-color1);--button_border_hover_color:#105378;--button_gradient_top_color:#ffffff;--button_gradient_bottom_color:#ffffff;--button_gradient_top_color_hover:var(--awb-color4);--button_gradient_bottom_color_hover:var(--awb-color4);\" target=\"_self\" href=\"https:\/\/commant.com\/nl\/demo\/\"><span class=\"fusion-button-text awb-button__text awb-button__text--default\">vraag een demo aan<\/span><i class=\"fa-angle-double-right fas awb-button__icon awb-button__icon--default button-icon-right\" aria-hidden=\"true\"><\/i><\/a><\/div><\/div><\/div><\/div><\/div><\/p>\n","protected":false},"excerpt":{"rendered":"","protected":false},"author":1,"featured_media":0,"parent":0,"menu_order":0,"comment_status":"closed","ping_status":"closed","template":"100-width.php","meta":{"content-type":"","inline_featured_image":false,"footnotes":""},"class_list":["post-3355","page","type-page","status-publish","hentry"],"yoast_head":"<!-- This site is optimized with the Yoast SEO plugin v27.4 - https:\/\/yoast.com\/product\/yoast-seo-wordpress\/ -->\n<title>Managementsysteem voor tal van toepassingen<\/title>\n<meta name=\"description\" content=\"Met Comm&#039;ant richt je een interactief managementsysteem in voor uiteenlopende toepassingen, zoals QHSE, Risico- en compliance management. Ervaar de mogelijkheden...\" \/>\n<meta name=\"robots\" content=\"index, follow, max-snippet:-1, max-image-preview:large, max-video-preview:-1\" \/>\n<link rel=\"canonical\" href=\"https:\/\/commant.com\/nl\/toepassingen\/\" \/>\n<meta property=\"og:locale\" content=\"nl_NL\" \/>\n<meta property=\"og:type\" content=\"article\" \/>\n<meta property=\"og:title\" content=\"Managementsysteem voor tal van toepassingen\" \/>\n<meta property=\"og:description\" content=\"Met Comm&#039;ant richt je een interactief managementsysteem in voor uiteenlopende toepassingen, zoals QHSE, Risico- en compliance management. Ervaar de mogelijkheden...\" \/>\n<meta property=\"og:url\" content=\"https:\/\/commant.com\/nl\/toepassingen\/\" \/>\n<meta property=\"og:site_name\" content=\"Comm&#039;ant\" \/>\n<meta property=\"article:modified_time\" content=\"2023-01-26T08:52:13+00:00\" \/>\n<meta name=\"twitter:card\" content=\"summary_large_image\" \/>\n<meta name=\"twitter:label1\" content=\"Geschatte leestijd\" \/>\n\t<meta name=\"twitter:data1\" content=\"9 minuten\" \/>\n<script type=\"application\/ld+json\" class=\"yoast-schema-graph\">{\"@context\":\"https:\\\/\\\/schema.org\",\"@graph\":[{\"@type\":\"WebPage\",\"@id\":\"https:\\\/\\\/commant.com\\\/nl\\\/toepassingen\\\/\",\"url\":\"https:\\\/\\\/commant.com\\\/nl\\\/toepassingen\\\/\",\"name\":\"Managementsysteem voor tal van toepassingen\",\"isPartOf\":{\"@id\":\"https:\\\/\\\/commant.com\\\/nl\\\/#website\"},\"datePublished\":\"2023-01-25T13:57:25+00:00\",\"dateModified\":\"2023-01-26T08:52:13+00:00\",\"description\":\"Met Comm'ant richt je een interactief managementsysteem in voor uiteenlopende toepassingen, zoals QHSE, Risico- en compliance management. Ervaar de mogelijkheden...\",\"breadcrumb\":{\"@id\":\"https:\\\/\\\/commant.com\\\/nl\\\/toepassingen\\\/#breadcrumb\"},\"inLanguage\":\"nl-NL\",\"potentialAction\":[{\"@type\":\"ReadAction\",\"target\":[\"https:\\\/\\\/commant.com\\\/nl\\\/toepassingen\\\/\"]}]},{\"@type\":\"BreadcrumbList\",\"@id\":\"https:\\\/\\\/commant.com\\\/nl\\\/toepassingen\\\/#breadcrumb\",\"itemListElement\":[{\"@type\":\"ListItem\",\"position\":1,\"name\":\"Home\",\"item\":\"https:\\\/\\\/commant.com\\\/nl\\\/\"},{\"@type\":\"ListItem\",\"position\":2,\"name\":\"Toepassingen\"}]},{\"@type\":\"WebSite\",\"@id\":\"https:\\\/\\\/commant.com\\\/nl\\\/#website\",\"url\":\"https:\\\/\\\/commant.com\\\/nl\\\/\",\"name\":\"Comm&#039;ant\",\"description\":\"management systems\",\"publisher\":{\"@id\":\"https:\\\/\\\/commant.com\\\/nl\\\/#organization\"},\"potentialAction\":[{\"@type\":\"SearchAction\",\"target\":{\"@type\":\"EntryPoint\",\"urlTemplate\":\"https:\\\/\\\/commant.com\\\/nl\\\/?s={search_term_string}\"},\"query-input\":{\"@type\":\"PropertyValueSpecification\",\"valueRequired\":true,\"valueName\":\"search_term_string\"}}],\"inLanguage\":\"nl-NL\"},{\"@type\":\"Organization\",\"@id\":\"https:\\\/\\\/commant.com\\\/nl\\\/#organization\",\"name\":\"Comm'ant\",\"url\":\"https:\\\/\\\/commant.com\\\/nl\\\/\",\"logo\":{\"@type\":\"ImageObject\",\"inLanguage\":\"nl-NL\",\"@id\":\"https:\\\/\\\/commant.com\\\/nl\\\/#\\\/schema\\\/logo\\\/image\\\/\",\"url\":\"https:\\\/\\\/commant.com\\\/wp-content\\\/uploads\\\/2022\\\/01\\\/Commant-w-pay-off-280.svg\",\"contentUrl\":\"https:\\\/\\\/commant.com\\\/wp-content\\\/uploads\\\/2022\\\/01\\\/Commant-w-pay-off-280.svg\",\"width\":\"1024\",\"height\":\"1024\",\"caption\":\"Comm'ant\"},\"image\":{\"@id\":\"https:\\\/\\\/commant.com\\\/nl\\\/#\\\/schema\\\/logo\\\/image\\\/\"}}]}<\/script>\n<!-- \/ Yoast SEO plugin. -->","yoast_head_json":{"title":"Managementsysteem voor tal van toepassingen","description":"Met Comm'ant richt je een interactief managementsysteem in voor uiteenlopende toepassingen, zoals QHSE, Risico- en compliance management. Ervaar de mogelijkheden...","robots":{"index":"index","follow":"follow","max-snippet":"max-snippet:-1","max-image-preview":"max-image-preview:large","max-video-preview":"max-video-preview:-1"},"canonical":"https:\/\/commant.com\/nl\/toepassingen\/","og_locale":"nl_NL","og_type":"article","og_title":"Managementsysteem voor tal van toepassingen","og_description":"Met Comm'ant richt je een interactief managementsysteem in voor uiteenlopende toepassingen, zoals QHSE, Risico- en compliance management. Ervaar de mogelijkheden...","og_url":"https:\/\/commant.com\/nl\/toepassingen\/","og_site_name":"Comm&#039;ant","article_modified_time":"2023-01-26T08:52:13+00:00","twitter_card":"summary_large_image","twitter_misc":{"Geschatte leestijd":"9 minuten"},"schema":{"@context":"https:\/\/schema.org","@graph":[{"@type":"WebPage","@id":"https:\/\/commant.com\/nl\/toepassingen\/","url":"https:\/\/commant.com\/nl\/toepassingen\/","name":"Managementsysteem voor tal van toepassingen","isPartOf":{"@id":"https:\/\/commant.com\/nl\/#website"},"datePublished":"2023-01-25T13:57:25+00:00","dateModified":"2023-01-26T08:52:13+00:00","description":"Met Comm'ant richt je een interactief managementsysteem in voor uiteenlopende toepassingen, zoals QHSE, Risico- en compliance management. Ervaar de mogelijkheden...","breadcrumb":{"@id":"https:\/\/commant.com\/nl\/toepassingen\/#breadcrumb"},"inLanguage":"nl-NL","potentialAction":[{"@type":"ReadAction","target":["https:\/\/commant.com\/nl\/toepassingen\/"]}]},{"@type":"BreadcrumbList","@id":"https:\/\/commant.com\/nl\/toepassingen\/#breadcrumb","itemListElement":[{"@type":"ListItem","position":1,"name":"Home","item":"https:\/\/commant.com\/nl\/"},{"@type":"ListItem","position":2,"name":"Toepassingen"}]},{"@type":"WebSite","@id":"https:\/\/commant.com\/nl\/#website","url":"https:\/\/commant.com\/nl\/","name":"Comm&#039;ant","description":"management systems","publisher":{"@id":"https:\/\/commant.com\/nl\/#organization"},"potentialAction":[{"@type":"SearchAction","target":{"@type":"EntryPoint","urlTemplate":"https:\/\/commant.com\/nl\/?s={search_term_string}"},"query-input":{"@type":"PropertyValueSpecification","valueRequired":true,"valueName":"search_term_string"}}],"inLanguage":"nl-NL"},{"@type":"Organization","@id":"https:\/\/commant.com\/nl\/#organization","name":"Comm'ant","url":"https:\/\/commant.com\/nl\/","logo":{"@type":"ImageObject","inLanguage":"nl-NL","@id":"https:\/\/commant.com\/nl\/#\/schema\/logo\/image\/","url":"https:\/\/commant.com\/wp-content\/uploads\/2022\/01\/Commant-w-pay-off-280.svg","contentUrl":"https:\/\/commant.com\/wp-content\/uploads\/2022\/01\/Commant-w-pay-off-280.svg","width":"1024","height":"1024","caption":"Comm'ant"},"image":{"@id":"https:\/\/commant.com\/nl\/#\/schema\/logo\/image\/"}}]}},"_links":{"self":[{"href":"https:\/\/commant.com\/nl\/wp-json\/wp\/v2\/pages\/3355","targetHints":{"allow":["GET"]}}],"collection":[{"href":"https:\/\/commant.com\/nl\/wp-json\/wp\/v2\/pages"}],"about":[{"href":"https:\/\/commant.com\/nl\/wp-json\/wp\/v2\/types\/page"}],"author":[{"embeddable":true,"href":"https:\/\/commant.com\/nl\/wp-json\/wp\/v2\/users\/1"}],"replies":[{"embeddable":true,"href":"https:\/\/commant.com\/nl\/wp-json\/wp\/v2\/comments?post=3355"}],"version-history":[{"count":24,"href":"https:\/\/commant.com\/nl\/wp-json\/wp\/v2\/pages\/3355\/revisions"}],"predecessor-version":[{"id":3502,"href":"https:\/\/commant.com\/nl\/wp-json\/wp\/v2\/pages\/3355\/revisions\/3502"}],"wp:attachment":[{"href":"https:\/\/commant.com\/nl\/wp-json\/wp\/v2\/media?parent=3355"}],"curies":[{"name":"wp","href":"https:\/\/api.w.org\/{rel}","templated":true}]}}